{"id":121,"date":"2024-01-08T07:25:43","date_gmt":"2024-01-08T07:25:43","guid":{"rendered":"https:\/\/h2v-laboratoire.com\/?page_id=121"},"modified":"2024-02-18T15:24:34","modified_gmt":"2024-02-18T15:24:34","slug":"home","status":"publish","type":"page","link":"https:\/\/h2v-laboratoire.com\/fr\/","title":{"rendered":"\u00c0 PROPOS"},"content":{"rendered":"<section class=\"section\" id=\"section_2089382269\">\n\t\t<div class=\"bg section-bg fill bg-fill  bg-loaded\" >\n\n\t\t\t\n\t\t\t<div class=\"section-bg-overlay absolute fill\"><\/div>\n\t\t\t\n\t<div class=\"is-border\"\n\t\tstyle=\"border-width:0px 0px 0px 0px;\">\n\t<\/div>\n\n\t\t<\/div>\n\n\t\t\n\n\t\t<div class=\"section-content relative\">\n\t\t\t\n\n<div class=\"row row-large align-middle align-center\" style=\"max-width:\" id=\"row-2124386612\">\n\n\n\t<div id=\"col-1097236528\" class=\"col small-12 large-12\"  >\n\t\t\t\t<div class=\"col-inner text-center\"  >\n\t\t\t\n\t\t\t\n\n\t<div class=\"img has-hover x md-x lg-x y md-y lg-y\" id=\"image_308390462\">\n\t\t\t\t\t\t\t\t<div class=\"img-inner dark\" >\n\t\t\t<img loading=\"lazy\" decoding=\"async\" width=\"600\" height=\"316\" src=\"https:\/\/h2v-laboratoire.com\/wp-content\/uploads\/2024\/02\/cliptrangaboutus-ezgif.com-video-to-gif-converter.gif\" class=\"attachment-large size-large\" alt=\"\" \/>\t\t\t\t\t\t\n\t\t\t\t\t<\/div>\n\t\t\t\t\t\t\t\t\n<style>\n#image_308390462 {\n  width: 100%;\n}\n<\/style>\n\t<\/div>\n\t\n\n<div class=\"video video-fit mb pt-0 hidden\" style=\"padding-top:50%;\">https:\/\/h2v-laboratoire.com\/wp-content\/uploads\/2024\/02\/cliptrangaboutus-ezgif.com-video-to-gif-converter.gif<\/div>\n\n\n\t\t<\/div>\n\t\t\t\t\t<\/div>\n\n\t\n\n<\/div>\n<div class=\"row row-large align-center\"  id=\"row-1805342849\">\n\n\n\t<div id=\"col-1871591787\" class=\"col medium-7 small-12 large-7\"  >\n\t\t\t\t<div class=\"col-inner text-center\"  >\n\t\t\t\n\t\t\t\n\n\t<div id=\"text-2040373070\" class=\"text\">\n\t\t\n\n<h5><span style=\"font-size: 200%;\">\u00c0 PROPOS<\/span><\/h5>\n<p style=\"text-align: JUSTIFY;\"><span style=\"font-size: 100%;\"><strong>H2V Laboratoire<\/strong>\u00a0un fabricant fran\u00e7ais de compl\u00e9ments alimentaires et de cosm\u00e9tiques.<\/span><\/p>\n<ul>\n<li style=\"text-align: JUSTIFY;\"><span style=\"font-size: 100%;\"><strong>H2V Laboratoire<\/strong>\u00a0votre alli\u00e9 de confiance pour la formulation, l'avancement et la fabrication de vos produits cosm\u00e9tiques, nutraceutiques et parapharmaceutiques.<\/span><\/li>\n<li style=\"text-align: JUSTIFY;\"><span style=\"font-size: 100%;\"><strong>H2V laboratoire<\/strong>\u00a0offre une assistance scientifique et r\u00e9glementaire experte tout au long du processus de d\u00e9veloppement, de gestion de la production et de commercialisation des produits.<\/span><\/li>\n<\/ul>\n\t\t\n<style>\n#text-2040373070 {\n  color: rgb(0, 0, 0);\n}\n#text-2040373070 > * {\n  color: rgb(0, 0, 0);\n}\n<\/style>\n\t<\/div>\n\t\n\n\t\t<\/div>\n\t\t\t\t\t<\/div>\n\n\t\n\n<\/div>\n\n\t\t<\/div>\n\n\t\t\n<style>\n#section_2089382269 {\n  padding-top: 0px;\n  padding-bottom: 0px;\n  background-color: rgb(255, 255, 255);\n}\n#section_2089382269 .section-bg-overlay {\n  background-color: rgba(255, 255, 255, 0.5);\n}\n#section_2089382269 .ux-shape-divider--top svg {\n  height: 150px;\n  --divider-top-width: 100%;\n}\n#section_2089382269 .ux-shape-divider--bottom svg {\n  height: 150px;\n  --divider-width: 100%;\n}\n<\/style>\n\t<\/section>","protected":false},"excerpt":{"rendered":"","protected":false},"author":1,"featured_media":0,"parent":0,"menu_order":0,"comment_status":"closed","ping_status":"closed","template":"","meta":{"_coblocks_attr":"","_coblocks_dimensions":"","_coblocks_responsive_height":"","_coblocks_accordion_ie_support":"","footnotes":""},"class_list":["post-121","page","type-page","status-publish","hentry"],"yoast_head":"<!-- This site is optimized with the Yoast SEO plugin v27.4 - https:\/\/yoast.com\/product\/yoast-seo-wordpress\/ -->\n<title>ABOUT US - h2v-laboratoire<\/title>\n<meta name=\"robots\" content=\"index, follow, max-snippet:-1, max-image-preview:large, max-video-preview:-1\" \/>\n<link rel=\"canonical\" href=\"https:\/\/h2v-laboratoire.com\/fr\/\" \/>\n<meta property=\"og:locale\" content=\"fr_FR\" \/>\n<meta property=\"og:type\" content=\"article\" \/>\n<meta property=\"og:title\" content=\"ABOUT US - h2v-laboratoire\" \/>\n<meta property=\"og:url\" content=\"https:\/\/h2v-laboratoire.com\/fr\/\" \/>\n<meta property=\"og:site_name\" content=\"h2v-laboratoire\" \/>\n<meta property=\"article:modified_time\" content=\"2024-02-18T15:24:34+00:00\" \/>\n<meta name=\"twitter:card\" content=\"summary_large_image\" \/>\n<meta name=\"twitter:label1\" content=\"Dur\u00e9e de lecture estim\u00e9e\" \/>\n\t<meta name=\"twitter:data1\" content=\"1 minute\" \/>\n<script type=\"application\/ld+json\" class=\"yoast-schema-graph\">{\"@context\":\"https:\\\/\\\/schema.org\",\"@graph\":[{\"@type\":\"WebPage\",\"@id\":\"https:\\\/\\\/h2v-laboratoire.com\\\/\",\"url\":\"https:\\\/\\\/h2v-laboratoire.com\\\/\",\"name\":\"ABOUT US - h2v-laboratoire\",\"isPartOf\":{\"@id\":\"https:\\\/\\\/h2v-laboratoire.com\\\/#website\"},\"datePublished\":\"2024-01-08T07:25:43+00:00\",\"dateModified\":\"2024-02-18T15:24:34+00:00\",\"breadcrumb\":{\"@id\":\"https:\\\/\\\/h2v-laboratoire.com\\\/#breadcrumb\"},\"inLanguage\":\"fr-FR\",\"potentialAction\":[{\"@type\":\"ReadAction\",\"target\":[\"https:\\\/\\\/h2v-laboratoire.com\\\/\"]}]},{\"@type\":\"BreadcrumbList\",\"@id\":\"https:\\\/\\\/h2v-laboratoire.com\\\/#breadcrumb\",\"itemListElement\":[{\"@type\":\"ListItem\",\"position\":1,\"name\":\"Home\",\"item\":\"https:\\\/\\\/h2v-laboratoire.com\\\/\"},{\"@type\":\"ListItem\",\"position\":2,\"name\":\"ABOUT US\"}]},{\"@type\":\"WebSite\",\"@id\":\"https:\\\/\\\/h2v-laboratoire.com\\\/#website\",\"url\":\"https:\\\/\\\/h2v-laboratoire.com\\\/\",\"name\":\"h2v-laboratoire\",\"description\":\"\",\"publisher\":{\"@id\":\"https:\\\/\\\/h2v-laboratoire.com\\\/#organization\"},\"potentialAction\":[{\"@type\":\"SearchAction\",\"target\":{\"@type\":\"EntryPoint\",\"urlTemplate\":\"https:\\\/\\\/h2v-laboratoire.com\\\/?s={search_term_string}\"},\"query-input\":{\"@type\":\"PropertyValueSpecification\",\"valueRequired\":true,\"valueName\":\"search_term_string\"}}],\"inLanguage\":\"fr-FR\"},{\"@type\":\"Organization\",\"@id\":\"https:\\\/\\\/h2v-laboratoire.com\\\/#organization\",\"name\":\"h2v-laboratoire\",\"url\":\"https:\\\/\\\/h2v-laboratoire.com\\\/\",\"logo\":{\"@type\":\"ImageObject\",\"inLanguage\":\"fr-FR\",\"@id\":\"https:\\\/\\\/h2v-laboratoire.com\\\/#\\\/schema\\\/logo\\\/image\\\/\",\"url\":\"https:\\\/\\\/h2v-laboratoire.com\\\/wp-content\\\/uploads\\\/2024\\\/01\\\/LOGO-H2V-LAB-01.jpg\",\"contentUrl\":\"https:\\\/\\\/h2v-laboratoire.com\\\/wp-content\\\/uploads\\\/2024\\\/01\\\/LOGO-H2V-LAB-01.jpg\",\"width\":2481,\"height\":1696,\"caption\":\"h2v-laboratoire\"},\"image\":{\"@id\":\"https:\\\/\\\/h2v-laboratoire.com\\\/#\\\/schema\\\/logo\\\/image\\\/\"}}]}<\/script>\n<!-- \/ Yoast SEO plugin. -->","yoast_head_json":{"title":"ABOUT US - h2v-laboratoire","robots":{"index":"index","follow":"follow","max-snippet":"max-snippet:-1","max-image-preview":"max-image-preview:large","max-video-preview":"max-video-preview:-1"},"canonical":"https:\/\/h2v-laboratoire.com\/fr\/","og_locale":"fr_FR","og_type":"article","og_title":"ABOUT US - h2v-laboratoire","og_url":"https:\/\/h2v-laboratoire.com\/fr\/","og_site_name":"h2v-laboratoire","article_modified_time":"2024-02-18T15:24:34+00:00","twitter_card":"summary_large_image","twitter_misc":{"Dur\u00e9e de lecture estim\u00e9e":"1 minute"},"schema":{"@context":"https:\/\/schema.org","@graph":[{"@type":"WebPage","@id":"https:\/\/h2v-laboratoire.com\/","url":"https:\/\/h2v-laboratoire.com\/","name":"ABOUT US - h2v-laboratoire","isPartOf":{"@id":"https:\/\/h2v-laboratoire.com\/#website"},"datePublished":"2024-01-08T07:25:43+00:00","dateModified":"2024-02-18T15:24:34+00:00","breadcrumb":{"@id":"https:\/\/h2v-laboratoire.com\/#breadcrumb"},"inLanguage":"fr-FR","potentialAction":[{"@type":"ReadAction","target":["https:\/\/h2v-laboratoire.com\/"]}]},{"@type":"BreadcrumbList","@id":"https:\/\/h2v-laboratoire.com\/#breadcrumb","itemListElement":[{"@type":"ListItem","position":1,"name":"Home","item":"https:\/\/h2v-laboratoire.com\/"},{"@type":"ListItem","position":2,"name":"ABOUT US"}]},{"@type":"WebSite","@id":"https:\/\/h2v-laboratoire.com\/#website","url":"https:\/\/h2v-laboratoire.com\/","name":"h2v-laboratoire","description":"","publisher":{"@id":"https:\/\/h2v-laboratoire.com\/#organization"},"potentialAction":[{"@type":"SearchAction","target":{"@type":"EntryPoint","urlTemplate":"https:\/\/h2v-laboratoire.com\/?s={search_term_string}"},"query-input":{"@type":"PropertyValueSpecification","valueRequired":true,"valueName":"search_term_string"}}],"inLanguage":"fr-FR"},{"@type":"Organization","@id":"https:\/\/h2v-laboratoire.com\/#organization","name":"h2v-laboratoire","url":"https:\/\/h2v-laboratoire.com\/","logo":{"@type":"ImageObject","inLanguage":"fr-FR","@id":"https:\/\/h2v-laboratoire.com\/#\/schema\/logo\/image\/","url":"https:\/\/h2v-laboratoire.com\/wp-content\/uploads\/2024\/01\/LOGO-H2V-LAB-01.jpg","contentUrl":"https:\/\/h2v-laboratoire.com\/wp-content\/uploads\/2024\/01\/LOGO-H2V-LAB-01.jpg","width":2481,"height":1696,"caption":"h2v-laboratoire"},"image":{"@id":"https:\/\/h2v-laboratoire.com\/#\/schema\/logo\/image\/"}}]}},"_links":{"self":[{"href":"https:\/\/h2v-laboratoire.com\/fr\/wp-json\/wp\/v2\/pages\/121","targetHints":{"allow":["GET"]}}],"collection":[{"href":"https:\/\/h2v-laboratoire.com\/fr\/wp-json\/wp\/v2\/pages"}],"about":[{"href":"https:\/\/h2v-laboratoire.com\/fr\/wp-json\/wp\/v2\/types\/page"}],"author":[{"embeddable":true,"href":"https:\/\/h2v-laboratoire.com\/fr\/wp-json\/wp\/v2\/users\/1"}],"replies":[{"embeddable":true,"href":"https:\/\/h2v-laboratoire.com\/fr\/wp-json\/wp\/v2\/comments?post=121"}],"version-history":[{"count":32,"href":"https:\/\/h2v-laboratoire.com\/fr\/wp-json\/wp\/v2\/pages\/121\/revisions"}],"predecessor-version":[{"id":799,"href":"https:\/\/h2v-laboratoire.com\/fr\/wp-json\/wp\/v2\/pages\/121\/revisions\/799"}],"wp:attachment":[{"href":"https:\/\/h2v-laboratoire.com\/fr\/wp-json\/wp\/v2\/media?parent=121"}],"curies":[{"name":"wp","href":"https:\/\/api.w.org\/{rel}","templated":true}]}}