{"id":55,"date":"2024-01-07T14:40:07","date_gmt":"2024-01-07T14:40:07","guid":{"rendered":"https:\/\/h2v-laboratoire.com\/?page_id=55"},"modified":"2024-02-21T09:32:31","modified_gmt":"2024-02-21T09:32:31","slug":"quality","status":"publish","type":"page","link":"https:\/\/h2v-laboratoire.com\/fr\/quality\/","title":{"rendered":"QUALIT\u00c9"},"content":{"rendered":"<div class=\"box has-hover   has-hover box-text-bottom\" >\n\n\t\t<div class=\"box-image\" >\n\t\t\t\t\t\t<div class=\"\" >\n\t\t\t\t<img loading=\"lazy\" decoding=\"async\" width=\"1440\" height=\"421\" src=\"https:\/\/h2v-laboratoire.com\/wp-content\/uploads\/2024\/02\/22222222222222222222222222222.jpg\" class=\"attachment- size-\" alt=\"\" srcset=\"https:\/\/h2v-laboratoire.com\/wp-content\/uploads\/2024\/02\/22222222222222222222222222222.jpg 1440w, https:\/\/h2v-laboratoire.com\/wp-content\/uploads\/2024\/02\/22222222222222222222222222222-300x88.jpg 300w, https:\/\/h2v-laboratoire.com\/wp-content\/uploads\/2024\/02\/22222222222222222222222222222-1024x299.jpg 1024w, https:\/\/h2v-laboratoire.com\/wp-content\/uploads\/2024\/02\/22222222222222222222222222222-768x225.jpg 768w, https:\/\/h2v-laboratoire.com\/wp-content\/uploads\/2024\/02\/22222222222222222222222222222-18x5.jpg 18w, https:\/\/h2v-laboratoire.com\/wp-content\/uploads\/2024\/02\/22222222222222222222222222222-510x149.jpg 510w\" sizes=\"auto, (max-width: 1440px) 100vw, 1440px\" \/>\t\t\t\t\t\t\t\t\t\t\t<\/div>\n\t\t\t\t\t<\/div>\n\n\t\t<div class=\"box-text text-center\" >\n\t\t\t<div class=\"box-text-inner\">\n\t\t\t\t\n\n\t<div id=\"text-4000926448\" class=\"text\">\n\t\t\n\n<p><span style=\"color: #000000; font-size: 200%;\"><b>QUALIT\u00c9<\/b><\/span><\/p>\n<p>\u00a0<\/p>\n<p style=\"text-align: justify;\"><span style=\"font-weight: 400; font-size: 110%;\">Parce que la qualit\u00e9 est le fondement m\u00eame de notre d\u00e9marche, nous nous engageons \u00e0 travers notre charte \u00e0 fournir \u00e0 nos clients le meilleur de notre expertise. Tout au long de notre collaboration, vous pouvez compter sur un accompagnement enti\u00e8rement personnalis\u00e9 et b\u00e9n\u00e9ficier de la puissance de production de notre outil industriel pour vos petites, moyennes ou grandes s\u00e9ries. Nous veillons au respect des normes r\u00e9glementaires fran\u00e7aises et europ\u00e9ennes de la formule, aidons \u00e0 la conception et \u00e0 la r\u00e9daction des \u00e9tiquettes, prenons en charge les d\u00e9clarations aupr\u00e8s de la DGCCRF, assurons la s\u00e9curit\u00e9 et la qualit\u00e9 des produits, respectons votre cahier des charges et maintenons la tra\u00e7abilit\u00e9 des mati\u00e8res et des produits.<\/span><\/p>\n<h2 style=\"text-align: center;\"><span style=\"color: #000000;\"><b>Contr\u00f4les<\/b><\/span><\/h2>\n<p style=\"text-align: justify;\"><span style=\"font-weight: 400; font-size: 110%;\">Notre politique de contr\u00f4le tr\u00e8s rigoureuse comprend une mise en quarantaine syst\u00e9matique des mat\u00e9riaux avant qu'ils n'entrent dans la cha\u00eene de production, des v\u00e9rifications approfondies de la contamination crois\u00e9e, des allerg\u00e8nes et des m\u00e9taux lourds, ainsi que des tests microbiologiques. Le tout est compl\u00e9t\u00e9 par un syst\u00e8me de v\u00e9rification continue du dosage.<\/span><\/p>\n<h2 style=\"text-align: center;\"><span style=\"color: #000000;\"><b>Les certifications<\/b><\/span><\/h2>\n<p style=\"text-align: justify;\"><span style=\"font-size: 110%;\">Tous nos produits sont fabriqu\u00e9s dans les sites de production certifi\u00e9s aux Bonnes Pratiques de Fabrication (BPF). H2V Laboratoire vous donne ainsi l\u2019assurance de produits adapt\u00e9s \u00e0 l\u2019usage, conformes \u00e0 toutes les exigences en termes de s\u00e9curit\u00e9, de qualit\u00e9 et d\u2019efficacit\u00e9.<\/span><\/p>\n<h6>\u00a0<\/h6>\n\t\t\n<style>\n#text-4000926448 {\n  color: rgb(0, 0, 0);\n}\n#text-4000926448 > * {\n  color: rgb(0, 0, 0);\n}\n<\/style>\n\t<\/div>\n\t\n\n\t\t\t<\/div>\n\t\t<\/div>\n\t<\/div>","protected":false},"excerpt":{"rendered":"","protected":false},"author":1,"featured_media":0,"parent":0,"menu_order":0,"comment_status":"closed","ping_status":"closed","template":"","meta":{"_coblocks_attr":"","_coblocks_dimensions":"","_coblocks_responsive_height":"","_coblocks_accordion_ie_support":"","footnotes":""},"class_list":["post-55","page","type-page","status-publish","hentry"],"yoast_head":"<!-- This site is optimized with the Yoast SEO plugin v27.4 - https:\/\/yoast.com\/product\/yoast-seo-wordpress\/ -->\n<title>Quality - h2v-laboratoire<\/title>\n<meta name=\"robots\" content=\"index, follow, max-snippet:-1, max-image-preview:large, max-video-preview:-1\" \/>\n<link rel=\"canonical\" href=\"https:\/\/h2v-laboratoire.com\/fr\/quality\/\" \/>\n<meta property=\"og:locale\" content=\"fr_FR\" \/>\n<meta property=\"og:type\" content=\"article\" \/>\n<meta property=\"og:title\" content=\"Quality - h2v-laboratoire\" \/>\n<meta property=\"og:url\" content=\"https:\/\/h2v-laboratoire.com\/fr\/quality\/\" \/>\n<meta property=\"og:site_name\" content=\"h2v-laboratoire\" \/>\n<meta property=\"article:modified_time\" content=\"2024-02-21T09:32:31+00:00\" \/>\n<meta name=\"twitter:card\" content=\"summary_large_image\" \/>\n<script type=\"application\/ld+json\" class=\"yoast-schema-graph\">{\"@context\":\"https:\\\/\\\/schema.org\",\"@graph\":[{\"@type\":\"WebPage\",\"@id\":\"https:\\\/\\\/h2v-laboratoire.com\\\/quality\\\/\",\"url\":\"https:\\\/\\\/h2v-laboratoire.com\\\/quality\\\/\",\"name\":\"Quality - h2v-laboratoire\",\"isPartOf\":{\"@id\":\"https:\\\/\\\/h2v-laboratoire.com\\\/#website\"},\"datePublished\":\"2024-01-07T14:40:07+00:00\",\"dateModified\":\"2024-02-21T09:32:31+00:00\",\"breadcrumb\":{\"@id\":\"https:\\\/\\\/h2v-laboratoire.com\\\/quality\\\/#breadcrumb\"},\"inLanguage\":\"fr-FR\",\"potentialAction\":[{\"@type\":\"ReadAction\",\"target\":[\"https:\\\/\\\/h2v-laboratoire.com\\\/quality\\\/\"]}]},{\"@type\":\"BreadcrumbList\",\"@id\":\"https:\\\/\\\/h2v-laboratoire.com\\\/quality\\\/#breadcrumb\",\"itemListElement\":[{\"@type\":\"ListItem\",\"position\":1,\"name\":\"Home\",\"item\":\"https:\\\/\\\/h2v-laboratoire.com\\\/\"},{\"@type\":\"ListItem\",\"position\":2,\"name\":\"Quality\"}]},{\"@type\":\"WebSite\",\"@id\":\"https:\\\/\\\/h2v-laboratoire.com\\\/#website\",\"url\":\"https:\\\/\\\/h2v-laboratoire.com\\\/\",\"name\":\"h2v-laboratoire\",\"description\":\"\",\"publisher\":{\"@id\":\"https:\\\/\\\/h2v-laboratoire.com\\\/#organization\"},\"potentialAction\":[{\"@type\":\"SearchAction\",\"target\":{\"@type\":\"EntryPoint\",\"urlTemplate\":\"https:\\\/\\\/h2v-laboratoire.com\\\/?s={search_term_string}\"},\"query-input\":{\"@type\":\"PropertyValueSpecification\",\"valueRequired\":true,\"valueName\":\"search_term_string\"}}],\"inLanguage\":\"fr-FR\"},{\"@type\":\"Organization\",\"@id\":\"https:\\\/\\\/h2v-laboratoire.com\\\/#organization\",\"name\":\"h2v-laboratoire\",\"url\":\"https:\\\/\\\/h2v-laboratoire.com\\\/\",\"logo\":{\"@type\":\"ImageObject\",\"inLanguage\":\"fr-FR\",\"@id\":\"https:\\\/\\\/h2v-laboratoire.com\\\/#\\\/schema\\\/logo\\\/image\\\/\",\"url\":\"https:\\\/\\\/h2v-laboratoire.com\\\/wp-content\\\/uploads\\\/2024\\\/01\\\/LOGO-H2V-LAB-01.jpg\",\"contentUrl\":\"https:\\\/\\\/h2v-laboratoire.com\\\/wp-content\\\/uploads\\\/2024\\\/01\\\/LOGO-H2V-LAB-01.jpg\",\"width\":2481,\"height\":1696,\"caption\":\"h2v-laboratoire\"},\"image\":{\"@id\":\"https:\\\/\\\/h2v-laboratoire.com\\\/#\\\/schema\\\/logo\\\/image\\\/\"}}]}<\/script>\n<!-- \/ Yoast SEO plugin. -->","yoast_head_json":{"title":"Quality - h2v-laboratoire","robots":{"index":"index","follow":"follow","max-snippet":"max-snippet:-1","max-image-preview":"max-image-preview:large","max-video-preview":"max-video-preview:-1"},"canonical":"https:\/\/h2v-laboratoire.com\/fr\/quality\/","og_locale":"fr_FR","og_type":"article","og_title":"Quality - h2v-laboratoire","og_url":"https:\/\/h2v-laboratoire.com\/fr\/quality\/","og_site_name":"h2v-laboratoire","article_modified_time":"2024-02-21T09:32:31+00:00","twitter_card":"summary_large_image","schema":{"@context":"https:\/\/schema.org","@graph":[{"@type":"WebPage","@id":"https:\/\/h2v-laboratoire.com\/quality\/","url":"https:\/\/h2v-laboratoire.com\/quality\/","name":"Quality - h2v-laboratoire","isPartOf":{"@id":"https:\/\/h2v-laboratoire.com\/#website"},"datePublished":"2024-01-07T14:40:07+00:00","dateModified":"2024-02-21T09:32:31+00:00","breadcrumb":{"@id":"https:\/\/h2v-laboratoire.com\/quality\/#breadcrumb"},"inLanguage":"fr-FR","potentialAction":[{"@type":"ReadAction","target":["https:\/\/h2v-laboratoire.com\/quality\/"]}]},{"@type":"BreadcrumbList","@id":"https:\/\/h2v-laboratoire.com\/quality\/#breadcrumb","itemListElement":[{"@type":"ListItem","position":1,"name":"Home","item":"https:\/\/h2v-laboratoire.com\/"},{"@type":"ListItem","position":2,"name":"Quality"}]},{"@type":"WebSite","@id":"https:\/\/h2v-laboratoire.com\/#website","url":"https:\/\/h2v-laboratoire.com\/","name":"h2v-laboratoire","description":"","publisher":{"@id":"https:\/\/h2v-laboratoire.com\/#organization"},"potentialAction":[{"@type":"SearchAction","target":{"@type":"EntryPoint","urlTemplate":"https:\/\/h2v-laboratoire.com\/?s={search_term_string}"},"query-input":{"@type":"PropertyValueSpecification","valueRequired":true,"valueName":"search_term_string"}}],"inLanguage":"fr-FR"},{"@type":"Organization","@id":"https:\/\/h2v-laboratoire.com\/#organization","name":"h2v-laboratoire","url":"https:\/\/h2v-laboratoire.com\/","logo":{"@type":"ImageObject","inLanguage":"fr-FR","@id":"https:\/\/h2v-laboratoire.com\/#\/schema\/logo\/image\/","url":"https:\/\/h2v-laboratoire.com\/wp-content\/uploads\/2024\/01\/LOGO-H2V-LAB-01.jpg","contentUrl":"https:\/\/h2v-laboratoire.com\/wp-content\/uploads\/2024\/01\/LOGO-H2V-LAB-01.jpg","width":2481,"height":1696,"caption":"h2v-laboratoire"},"image":{"@id":"https:\/\/h2v-laboratoire.com\/#\/schema\/logo\/image\/"}}]}},"_links":{"self":[{"href":"https:\/\/h2v-laboratoire.com\/fr\/wp-json\/wp\/v2\/pages\/55","targetHints":{"allow":["GET"]}}],"collection":[{"href":"https:\/\/h2v-laboratoire.com\/fr\/wp-json\/wp\/v2\/pages"}],"about":[{"href":"https:\/\/h2v-laboratoire.com\/fr\/wp-json\/wp\/v2\/types\/page"}],"author":[{"embeddable":true,"href":"https:\/\/h2v-laboratoire.com\/fr\/wp-json\/wp\/v2\/users\/1"}],"replies":[{"embeddable":true,"href":"https:\/\/h2v-laboratoire.com\/fr\/wp-json\/wp\/v2\/comments?post=55"}],"version-history":[{"count":11,"href":"https:\/\/h2v-laboratoire.com\/fr\/wp-json\/wp\/v2\/pages\/55\/revisions"}],"predecessor-version":[{"id":819,"href":"https:\/\/h2v-laboratoire.com\/fr\/wp-json\/wp\/v2\/pages\/55\/revisions\/819"}],"wp:attachment":[{"href":"https:\/\/h2v-laboratoire.com\/fr\/wp-json\/wp\/v2\/media?parent=55"}],"curies":[{"name":"wp","href":"https:\/\/api.w.org\/{rel}","templated":true}]}}