{"id":58,"date":"2024-01-07T14:41:06","date_gmt":"2024-01-07T14:41:06","guid":{"rendered":"https:\/\/h2v-laboratoire.com\/?page_id=58"},"modified":"2024-02-06T14:53:35","modified_gmt":"2024-02-06T14:53:35","slug":"recruitement","status":"publish","type":"page","link":"https:\/\/h2v-laboratoire.com\/fr\/recruitement\/","title":{"rendered":"Recrutement"},"content":{"rendered":"<div class=\"row\"  id=\"row-481489698\">\n\n\n\t<div id=\"col-1005071736\" class=\"col small-12 large-12\"  >\n\t\t\t\t<div class=\"col-inner\"  >\n\t\t\t\n\t\t\t\n\n\t<div id=\"text-3800485356\" class=\"text\">\n\t\t\n\n<div class=\"fusion-title title fusion-title-3 fusion-sep-none fusion-title-text fusion-title-size-one\">\n<div class=\"fusion-title title fusion-title-1 fusion-sep-none fusion-title-center fusion-title-text fusion-title-size-one\"><strong><span style=\"color: #000000; font-size: 200%;\">RECRUTEMENT<\/span><\/strong><\/div>\n<\/div>\n\t\t\n<style>\n#text-3800485356 {\n  text-align: center;\n}\n<\/style>\n\t<\/div>\n\t\n<div class=\"text-center\"><div class=\"is-divider divider clearfix\" style=\"max-width:115px;height:5px;background-color:rgb(0, 219, 255);\"><\/div><\/div>\n\n\t<div id=\"gap-86006666\" class=\"gap-element clearfix\" style=\"display:block; height:auto;\">\n\t\t\n<style>\n#gap-86006666 {\n  padding-top: 30px;\n}\n<\/style>\n\t<\/div>\n\t\n\n\t<div id=\"gap-1045375502\" class=\"gap-element clearfix\" style=\"display:block; height:auto;\">\n\t\t\n<style>\n#gap-1045375502 {\n  padding-top: 30px;\n}\n<\/style>\n\t<\/div>\n\t\n\n<div class=\"row\"  id=\"row-1591732383\">\n\n\n\t<div id=\"col-1459687980\" class=\"col small-12 large-12\"  >\n\t\t\t\t<div class=\"col-inner\"  >\n\t\t\t\n\t\t\t\n\n\t<div id=\"text-1668381227\" class=\"text\">\n\t\t\n\n<p style=\"text-align: justify;\"><span style=\"color: #282828;\">Si les domaines de fa\u00e7onnage nutraceutique et cosm\u00e9tique vous int\u00e9ressent et que vous avez envie de collaborer \u00e0 des projets innovants, d&#8217;am\u00e9liorer vos comp\u00e9tences et de vous \u00e9panouir, venez rejoindre notre \u00e9quipe. Nous sommes actuellement \u00e0 la recherche de futurs talents pour diff\u00e9rents services, rejoignez-nous !<\/span><\/p>\n\t\t\n<style>\n#text-1668381227 {\n  color: rgb(0, 0, 0);\n}\n#text-1668381227 > * {\n  color: rgb(0, 0, 0);\n}\n<\/style>\n\t<\/div>\n\t\n\n\t\t<\/div>\n\t\t\t\t\t<\/div>\n\n\t\n\n<\/div>\n<div class=\"row\"  id=\"row-305200019\">\n\n\n\t<div id=\"col-1688619816\" class=\"col small-12 large-12\"  >\n\t\t\t\t<div class=\"col-inner\"  >\n\t\t\t\n\t\t\t\n\n\t<div id=\"text-1457501437\" class=\"text\">\n\t\t\n\n<h5 style=\"text-align: justify;\"><b>NOS OFFRES D\u2019EMPLOIS<\/b><\/h5>\n\t\t\n<style>\n#text-1457501437 {\n  color: rgb(0, 0, 0);\n}\n#text-1457501437 > * {\n  color: rgb(0, 0, 0);\n}\n<\/style>\n\t<\/div>\n\t\n\n\t\t<\/div>\n\t\t\t\t\t<\/div>\n\n\t\n\n<\/div>\n<div class=\"accordion\" rel=\"\">\n\n<div class=\"accordion-item\"><a href=\"#\" class=\"accordion-title plain\"><button class=\"toggle\" aria-label=\"Toggle\"><i class=\"icon-angle-down\"><\/i><\/button><span>OP\u00c9RATEUR DE PRODUCTION POLYVALENT (H\/F)<\/span><\/a><div class=\"accordion-inner\">\n\n<p style=\"text-align: justify;\"><b>ENTREPRISE<\/b><\/p>\n<p style=\"text-align: justify;\"><span style=\"font-weight: 400;\">Bas\u00e9e en r\u00e9gion noyonnaise, H2V Laboratoire est sp\u00e9cialis\u00e9 dans la conception, le d\u00e9veloppement et le fa\u00e7onnage (fabrication et conditionnement en sous-traitance) de compl\u00e9ments alimentaires et cosm\u00e9tiques.<\/span><\/p>\n<p style=\"text-align: justify;\"><span style=\"font-weight: 400;\">Nous recherchons un(e) Op\u00e9rateur de production polyvalent (H\/F) afin d\u2019assurer la conduite d\u2019une ligne de production : compression, g\u00e9luleuse, ensacheuse, process chewing\u2013gum, conditionnement (tube, pilulier, blister, flacon, \u00e9tui, \u2026).<\/span><\/p>\n<p style=\"text-align: justify;\"><b>POSTE<\/b><\/p>\n<p style=\"text-align: justify;\"><span style=\"font-weight: 400;\">Rattach\u00e9(e) au Responsable Production, vos principales missions seront :<\/span><\/p>\n<ul style=\"text-align: justify;\">\n<li style=\"font-weight: 400;\" aria-level=\"1\"><span style=\"font-weight: 400;\">Mettre en \u0153uvre les consignes du dossier de fabrication et suivre les instructions de travail<\/span><\/li>\n<li style=\"font-weight: 400;\" aria-level=\"1\"><span style=\"font-weight: 400;\">Effectuer les op\u00e9rations de nettoyage avec d\u00e9montage des \u00e9quipements<\/span><\/li>\n<li style=\"font-weight: 400;\" aria-level=\"1\"><span style=\"font-weight: 400;\">Effectuer les op\u00e9rations de contr\u00f4le qualit\u00e9 pr\u00e9vues en cours de production<\/span><\/li>\n<li style=\"font-weight: 400;\" aria-level=\"1\"><span style=\"font-weight: 400;\">Polyvalence aux diff\u00e9rents postes de fabrication et conditionnement<\/span><\/li>\n<li style=\"font-weight: 400;\" aria-level=\"1\"><span style=\"font-weight: 400;\">Maintenance 1er niveau<\/span><\/li>\n<li style=\"font-weight: 400;\" aria-level=\"1\"><span style=\"font-weight: 400;\">R\u00e9aliser des essais, lots pilote, \u2026<\/span><\/li>\n<li style=\"font-weight: 400;\" aria-level=\"1\"><span style=\"font-weight: 400;\">Respect de l\u2019hygi\u00e8ne (s\u00e9curit\u00e9 sanitaire des aliments) et de la s\u00e9curit\u00e9.<\/span><\/li>\n<\/ul>\n<p style=\"text-align: justify;\"><b>PROFIL RECHERCH\u00c9<\/b><\/p>\n<p style=\"text-align: justify;\"><span style=\"font-weight: 400;\">Une exp\u00e9rience de 1 \u00e0 3 ans en milieu industriel, id\u00e9alement en agro-alimentaire ou para-pharmacie serait un plus.<\/span><\/p>\n<p style=\"text-align: justify;\"><span style=\"font-weight: 400;\">Dot\u00e9(e) d\u2019un bon esprit d\u2019\u00e9quipe, vous appr\u00e9ciez les postes polyvalents.<\/span><\/p>\n<p style=\"text-align: justify;\"><span style=\"font-weight: 400;\">Vous \u00eates \u00e0 l\u2019aise avec les postes qui requi\u00e8rent une certaine dext\u00e9rit\u00e9 manuelle.<\/span><span style=\"font-weight: 400;\"><br \/><\/span><span style=\"font-weight: 400;\">Votre facult\u00e9 d\u2019adaptation, votre rigueur, votre r\u00e9activit\u00e9 et votre capacit\u00e9 \u00e0 travailler en \u00e9quipe sont des atouts<\/span><span style=\"font-weight: 400;\"><br \/><\/span><span style=\"font-weight: 400;\">n\u00e9cessaires pour occuper ce poste.<\/span><\/p>\n<p style=\"text-align: justify;\"><span style=\"font-weight: 400;\">Statut Ouvrier<\/span><span style=\"font-weight: 400;\"><br \/><\/span><span style=\"font-weight: 400;\">R\u00e9mun\u00e9ration \u00e0 d\u00e9finir selon profil et exp\u00e9rience<\/span><span style=\"font-weight: 400;\"><br \/><\/span><span style=\"font-weight: 400;\">CDI \u2013 Temps plein<\/span><\/p>\n<p style=\"text-align: justify;\"><span style=\"font-weight: 400;\">CV et lettre de motivation \u00e0 adresser \u00e0 :\u00a0 hanh.vy@h2v-group.com<\/span><span style=\"font-weight: 400;\"><br \/><\/span><span style=\"font-weight: 400;\">H2V LABORATOIRE S.A.S.<\/span><span style=\"font-weight: 400;\"><br \/><\/span><span style=\"font-weight: 400;\">17 rue Jean Jaur\u00e8s<\/span><span style=\"font-weight: 400;\"><br \/><\/span><span style=\"font-weight: 400;\">60800 CREPY EN VALOIS<\/span><\/p>\n\n\n<\/div><\/div>\n<div class=\"accordion-item\"><a href=\"#\" class=\"accordion-title plain\"><button class=\"toggle\" aria-label=\"Toggle\"><i class=\"icon-angle-down\"><\/i><\/button><span>ING\u00c9NIEUR QUALIT\u00c9 (H\/F)<\/span><\/a><div class=\"accordion-inner\">\n\n\t<div id=\"text-1824967386\" class=\"text\">\n\t\t\n\n<p style=\"text-align: justify;\"><span style=\"font-weight: 400;\">Bas\u00e9e en r\u00e9gion noyonnaise, H2V Laboratoire est sp\u00e9cialis\u00e9 dans la conception, le d\u00e9veloppement et le fa\u00e7onnage (fabrication et conditionnement en sous-traitance) de compl\u00e9ments alimentaires et cosm\u00e9tiques.<\/span><\/p>\n<p style=\"text-align: justify;\"><span style=\"font-weight: 400;\">Nous recherchons un(e) Ing\u00e9nieur Qualit\u00e9 (H\/F), afin d\u2019assister la Responsable QHSE sur les demandes qualit\u00e9 clients, fournisseurs et sous-traitants.<\/span><\/p>\n<p style=\"text-align: justify;\"><span style=\"font-weight: 400;\">Rattach\u00e9(e) au Responsable QHSE, vous participez aux diff\u00e9rentes activit\u00e9s du service.<\/span><\/p>\n<p style=\"text-align: justify;\"><span style=\"font-weight: 400;\">POSTE<\/span><\/p>\n<p style=\"text-align: justify;\"><span style=\"font-weight: 400;\">VOS PRINCIPALES MISSIONS SERONT :<\/span><\/p>\n<ul style=\"text-align: justify;\">\n<li style=\"font-weight: 400;\" aria-level=\"1\"><span style=\"font-weight: 400;\">Participer aux audits internes, audits clients et audits fournisseurs<\/span><\/li>\n<li style=\"font-weight: 400;\" aria-level=\"1\"><span style=\"font-weight: 400;\">Assurer la partie qualit\u00e9 lors de sous traitance ponctuelle ou exceptionnelle<\/span><\/li>\n<li style=\"font-weight: 400;\" aria-level=\"1\"><span style=\"font-weight: 400;\">Traiter les demandes clients<\/span><\/li>\n<li style=\"font-weight: 400;\" aria-level=\"1\"><span style=\"font-weight: 400;\">Lors de nouveaux projets : cahier des charges, questionnaire qualit\u00e9<\/span><\/li>\n<li style=\"font-weight: 400;\" aria-level=\"1\"><span style=\"font-weight: 400;\">En routine : audits, mise \u00e0 jour des dossiers produits<\/span><\/li>\n<li style=\"font-weight: 400;\" aria-level=\"1\"><span style=\"font-weight: 400;\">Les renseigner sur la d\u00e9marche assurance qualit\u00e9 mise en place<\/span><\/li>\n<li style=\"font-weight: 400;\" aria-level=\"1\"><span style=\"font-weight: 400;\">Assurer la gestion du plan d\u2019actions d\u2019am\u00e9lioration continue QHSE<\/span><\/li>\n<li style=\"font-weight: 400;\" aria-level=\"1\"><span style=\"font-weight: 400;\">Participer aux d\u00e9marches\u00a0 ISO 22000\u00a0<\/span><\/li>\n<li style=\"font-weight: 400;\" aria-level=\"1\"><span style=\"font-weight: 400;\">Travailler en collaboration avec les clients, les fournisseurs et les sous-traitants<\/span><\/li>\n<li style=\"font-weight: 400;\" aria-level=\"1\"><span style=\"font-weight: 400;\">Travailler en collaboration avec les autres services, en particulier la R&amp;D, le packaging et la production.<\/span><\/li>\n<li style=\"font-weight: 400;\" aria-level=\"1\"><span style=\"font-weight: 400;\">Assurer ponctuellement la suppl\u00e9ance du poste de Technicien qualit\u00e9<\/span><\/li>\n<\/ul>\n<p style=\"text-align: justify;\"><span style=\"font-weight: 400;\">PROFIL RECHERCH\u00c9<\/span><\/p>\n<p style=\"text-align: justify;\"><span style=\"font-weight: 400;\">Issu d\u2019une formation Bac +5 Ing\u00e9nieur dans le domaine de la qualit\u00e9 (agroalimentaire ou pharmaceutique), vous justifiez id\u00e9alement d\u2019une premi\u00e8re exp\u00e9rience r\u00e9ussie de 1 \u00e0 3 ans sur un poste similaire au sein d\u2019un environnement industriel.<\/span><\/p>\n<p style=\"text-align: justify;\"><span style=\"font-weight: 400;\">Vous avez le sens de l\u2019initiative, \u00eates force de proposition, reconnu rigoureux(se) et r\u00e9actif, vous savez g\u00e9rer les al\u00e9as et \u00eates reconnu(e) pour votre esprit d\u2019analyse et votre prise de hauteur.<\/span><\/p>\n<p style=\"text-align: justify;\"><span style=\"font-weight: 400;\">Votre go\u00fbt pour le terrain et votre app\u00e9tence pour le travail en \u00e9quipe sont vos atouts pour r\u00e9ussir<\/span><\/p>\n<p style=\"text-align: justify;\"><span style=\"font-weight: 400;\">Votre dynamisme et votre savoir-\u00eatre vous permettent de travailler en transversal avec tous les services de l\u2019entreprise.<\/span><\/p>\n<p style=\"text-align: justify;\"><span style=\"font-weight: 400;\">Vous avez une solide connaissance de la norme ISO 2200.<\/span><\/p>\n<p style=\"text-align: justify;\"><span style=\"font-weight: 400;\">Bonne communication orale et \u00e9crite<\/span><\/p>\n<p style=\"text-align: justify;\"><span style=\"font-weight: 400;\">Nous rejoindre aujourd\u2019hui, c\u2019est prendre part \u00e0 des projets ambitieux et adh\u00e9rer \u00e0 nos valeurs : Bienveillance, innovation, engagement, convivialit\u00e9 et confiance.<\/span><\/p>\n<p style=\"text-align: justify;\"><span style=\"font-weight: 400;\">Statut et r\u00e9mun\u00e9ration \u00e0 d\u00e9finir selon profil et exp\u00e9rience<\/span><\/p>\n<p style=\"text-align: justify;\"><span style=\"font-weight: 400;\">CDD d\u2019une dur\u00e9e de 1 an \u2013 Temps plein<\/span><\/p>\n<p>CV et lettre de motivation \u00e0 adresser \u00e0 :\u00a0 hanh.vy@h2v-group.com H2V LABORATOIRE S.A.S. 17 rue Jean Jaur\u00e8s 60800 CREPY EN VALOIS<\/p>\n\t\t\n<style>\n#text-1824967386 {\n  color: rgb(0,0,0);\n}\n#text-1824967386 > * {\n  color: rgb(0,0,0);\n}\n<\/style>\n\t<\/div>\n\t\n\n<\/div><\/div>\n\n<\/div>\n\n\t\t<\/div>\n\t\t\t\t\t<\/div>\n\n\t\n\n\n<style>\n#row-481489698 > .col > .col-inner {\n  padding: 6% 0px 0px 0px;\n}\n<\/style>\n<\/div>\n<div class=\"row\"  id=\"row-1575441906\">\n\n\n\t<div id=\"col-954156802\" class=\"col small-12 large-12\"  >\n\t\t\t\t<div class=\"col-inner\"  >\n\t\t\t\n\t\t\t\n\n\t<div id=\"text-1541837288\" class=\"text\">\n\t\t\n\n<h5><b>NOS OFFRES DE STAGES ET D\u2019ALTERNANCES &#8211; CANDIDATURE SPONTAN\u00c9E<\/b><\/h5>\n\t\t\n<style>\n#text-1541837288 {\n  color: rgb(0, 0, 0);\n}\n#text-1541837288 > * {\n  color: rgb(0, 0, 0);\n}\n<\/style>\n\t<\/div>\n\t\n\n\t\t<\/div>\n\t\t\t\t\t<\/div>\n\n\t\n\n<\/div>\n<div class=\"row\"  id=\"row-860818568\">\n\n\n\t<div id=\"col-1840077732\" class=\"col small-12 large-12\"  >\n\t\t\t\t<div class=\"col-inner\"  >\n\t\t\t\n\t\t\t\n\n\t<div id=\"text-2888930470\" class=\"text\">\n\t\t\n\n<p style=\"text-align: justify;\">Vous souhaitez rejoindre notre \u00e9quipe, vous pouvez nous proposer votre candidature spontan\u00e9e en nous envoyant votre CV et lettre de motivation \u00e0 l\u2019adresse contact@h2v-group.com. Nous vous r\u00e9pondrons dans les meilleurs d\u00e9lais.<\/p>\n\t\t\n<style>\n#text-2888930470 {\n  color: rgb(0, 0, 0);\n}\n#text-2888930470 > * {\n  color: rgb(0, 0, 0);\n}\n<\/style>\n\t<\/div>\n\t\n\n\t\t<\/div>\n\t\t\t\t\t<\/div>\n\n\t\n\n<\/div>","protected":false},"excerpt":{"rendered":"","protected":false},"author":1,"featured_media":0,"parent":0,"menu_order":0,"comment_status":"closed","ping_status":"closed","template":"page-blank.php","meta":{"_coblocks_attr":"","_coblocks_dimensions":"","_coblocks_responsive_height":"","_coblocks_accordion_ie_support":"","footnotes":""},"class_list":["post-58","page","type-page","status-publish","hentry"],"yoast_head":"<!-- This site is optimized with the Yoast SEO plugin v27.4 - https:\/\/yoast.com\/product\/yoast-seo-wordpress\/ -->\n<title>Recruitement - h2v-laboratoire<\/title>\n<meta name=\"robots\" content=\"index, follow, max-snippet:-1, max-image-preview:large, max-video-preview:-1\" \/>\n<link rel=\"canonical\" href=\"https:\/\/h2v-laboratoire.com\/fr\/recruitement\/\" \/>\n<meta property=\"og:locale\" content=\"fr_FR\" \/>\n<meta property=\"og:type\" content=\"article\" \/>\n<meta property=\"og:title\" content=\"Recruitement - h2v-laboratoire\" \/>\n<meta property=\"og:url\" content=\"https:\/\/h2v-laboratoire.com\/fr\/recruitement\/\" \/>\n<meta property=\"og:site_name\" content=\"h2v-laboratoire\" \/>\n<meta property=\"article:modified_time\" content=\"2024-02-06T14:53:35+00:00\" \/>\n<meta name=\"twitter:card\" content=\"summary_large_image\" \/>\n<meta name=\"twitter:label1\" content=\"Dur\u00e9e de lecture estim\u00e9e\" \/>\n\t<meta name=\"twitter:data1\" content=\"1 minute\" \/>\n<script type=\"application\/ld+json\" class=\"yoast-schema-graph\">{\"@context\":\"https:\\\/\\\/schema.org\",\"@graph\":[{\"@type\":\"WebPage\",\"@id\":\"https:\\\/\\\/h2v-laboratoire.com\\\/recruitement\\\/\",\"url\":\"https:\\\/\\\/h2v-laboratoire.com\\\/recruitement\\\/\",\"name\":\"Recruitement - h2v-laboratoire\",\"isPartOf\":{\"@id\":\"https:\\\/\\\/h2v-laboratoire.com\\\/#website\"},\"datePublished\":\"2024-01-07T14:41:06+00:00\",\"dateModified\":\"2024-02-06T14:53:35+00:00\",\"breadcrumb\":{\"@id\":\"https:\\\/\\\/h2v-laboratoire.com\\\/recruitement\\\/#breadcrumb\"},\"inLanguage\":\"fr-FR\",\"potentialAction\":[{\"@type\":\"ReadAction\",\"target\":[\"https:\\\/\\\/h2v-laboratoire.com\\\/recruitement\\\/\"]}]},{\"@type\":\"BreadcrumbList\",\"@id\":\"https:\\\/\\\/h2v-laboratoire.com\\\/recruitement\\\/#breadcrumb\",\"itemListElement\":[{\"@type\":\"ListItem\",\"position\":1,\"name\":\"Home\",\"item\":\"https:\\\/\\\/h2v-laboratoire.com\\\/\"},{\"@type\":\"ListItem\",\"position\":2,\"name\":\"Recruitement\"}]},{\"@type\":\"WebSite\",\"@id\":\"https:\\\/\\\/h2v-laboratoire.com\\\/#website\",\"url\":\"https:\\\/\\\/h2v-laboratoire.com\\\/\",\"name\":\"h2v-laboratoire\",\"description\":\"\",\"publisher\":{\"@id\":\"https:\\\/\\\/h2v-laboratoire.com\\\/#organization\"},\"potentialAction\":[{\"@type\":\"SearchAction\",\"target\":{\"@type\":\"EntryPoint\",\"urlTemplate\":\"https:\\\/\\\/h2v-laboratoire.com\\\/?s={search_term_string}\"},\"query-input\":{\"@type\":\"PropertyValueSpecification\",\"valueRequired\":true,\"valueName\":\"search_term_string\"}}],\"inLanguage\":\"fr-FR\"},{\"@type\":\"Organization\",\"@id\":\"https:\\\/\\\/h2v-laboratoire.com\\\/#organization\",\"name\":\"h2v-laboratoire\",\"url\":\"https:\\\/\\\/h2v-laboratoire.com\\\/\",\"logo\":{\"@type\":\"ImageObject\",\"inLanguage\":\"fr-FR\",\"@id\":\"https:\\\/\\\/h2v-laboratoire.com\\\/#\\\/schema\\\/logo\\\/image\\\/\",\"url\":\"https:\\\/\\\/h2v-laboratoire.com\\\/wp-content\\\/uploads\\\/2024\\\/01\\\/LOGO-H2V-LAB-01.jpg\",\"contentUrl\":\"https:\\\/\\\/h2v-laboratoire.com\\\/wp-content\\\/uploads\\\/2024\\\/01\\\/LOGO-H2V-LAB-01.jpg\",\"width\":2481,\"height\":1696,\"caption\":\"h2v-laboratoire\"},\"image\":{\"@id\":\"https:\\\/\\\/h2v-laboratoire.com\\\/#\\\/schema\\\/logo\\\/image\\\/\"}}]}<\/script>\n<!-- \/ Yoast SEO plugin. -->","yoast_head_json":{"title":"Recruitement - h2v-laboratoire","robots":{"index":"index","follow":"follow","max-snippet":"max-snippet:-1","max-image-preview":"max-image-preview:large","max-video-preview":"max-video-preview:-1"},"canonical":"https:\/\/h2v-laboratoire.com\/fr\/recruitement\/","og_locale":"fr_FR","og_type":"article","og_title":"Recruitement - h2v-laboratoire","og_url":"https:\/\/h2v-laboratoire.com\/fr\/recruitement\/","og_site_name":"h2v-laboratoire","article_modified_time":"2024-02-06T14:53:35+00:00","twitter_card":"summary_large_image","twitter_misc":{"Dur\u00e9e de lecture estim\u00e9e":"1 minute"},"schema":{"@context":"https:\/\/schema.org","@graph":[{"@type":"WebPage","@id":"https:\/\/h2v-laboratoire.com\/recruitement\/","url":"https:\/\/h2v-laboratoire.com\/recruitement\/","name":"Recruitement - h2v-laboratoire","isPartOf":{"@id":"https:\/\/h2v-laboratoire.com\/#website"},"datePublished":"2024-01-07T14:41:06+00:00","dateModified":"2024-02-06T14:53:35+00:00","breadcrumb":{"@id":"https:\/\/h2v-laboratoire.com\/recruitement\/#breadcrumb"},"inLanguage":"fr-FR","potentialAction":[{"@type":"ReadAction","target":["https:\/\/h2v-laboratoire.com\/recruitement\/"]}]},{"@type":"BreadcrumbList","@id":"https:\/\/h2v-laboratoire.com\/recruitement\/#breadcrumb","itemListElement":[{"@type":"ListItem","position":1,"name":"Home","item":"https:\/\/h2v-laboratoire.com\/"},{"@type":"ListItem","position":2,"name":"Recruitement"}]},{"@type":"WebSite","@id":"https:\/\/h2v-laboratoire.com\/#website","url":"https:\/\/h2v-laboratoire.com\/","name":"h2v-laboratoire","description":"","publisher":{"@id":"https:\/\/h2v-laboratoire.com\/#organization"},"potentialAction":[{"@type":"SearchAction","target":{"@type":"EntryPoint","urlTemplate":"https:\/\/h2v-laboratoire.com\/?s={search_term_string}"},"query-input":{"@type":"PropertyValueSpecification","valueRequired":true,"valueName":"search_term_string"}}],"inLanguage":"fr-FR"},{"@type":"Organization","@id":"https:\/\/h2v-laboratoire.com\/#organization","name":"h2v-laboratoire","url":"https:\/\/h2v-laboratoire.com\/","logo":{"@type":"ImageObject","inLanguage":"fr-FR","@id":"https:\/\/h2v-laboratoire.com\/#\/schema\/logo\/image\/","url":"https:\/\/h2v-laboratoire.com\/wp-content\/uploads\/2024\/01\/LOGO-H2V-LAB-01.jpg","contentUrl":"https:\/\/h2v-laboratoire.com\/wp-content\/uploads\/2024\/01\/LOGO-H2V-LAB-01.jpg","width":2481,"height":1696,"caption":"h2v-laboratoire"},"image":{"@id":"https:\/\/h2v-laboratoire.com\/#\/schema\/logo\/image\/"}}]}},"_links":{"self":[{"href":"https:\/\/h2v-laboratoire.com\/fr\/wp-json\/wp\/v2\/pages\/58","targetHints":{"allow":["GET"]}}],"collection":[{"href":"https:\/\/h2v-laboratoire.com\/fr\/wp-json\/wp\/v2\/pages"}],"about":[{"href":"https:\/\/h2v-laboratoire.com\/fr\/wp-json\/wp\/v2\/types\/page"}],"author":[{"embeddable":true,"href":"https:\/\/h2v-laboratoire.com\/fr\/wp-json\/wp\/v2\/users\/1"}],"replies":[{"embeddable":true,"href":"https:\/\/h2v-laboratoire.com\/fr\/wp-json\/wp\/v2\/comments?post=58"}],"version-history":[{"count":39,"href":"https:\/\/h2v-laboratoire.com\/fr\/wp-json\/wp\/v2\/pages\/58\/revisions"}],"predecessor-version":[{"id":731,"href":"https:\/\/h2v-laboratoire.com\/fr\/wp-json\/wp\/v2\/pages\/58\/revisions\/731"}],"wp:attachment":[{"href":"https:\/\/h2v-laboratoire.com\/fr\/wp-json\/wp\/v2\/media?parent=58"}],"curies":[{"name":"wp","href":"https:\/\/api.w.org\/{rel}","templated":true}]}}